{"id":15988,"date":"2018-12-31T11:23:12","date_gmt":"2018-12-31T11:23:12","guid":{"rendered":"https:\/\/aleanta.templines.info\/?page_id=15988"},"modified":"2024-02-27T11:49:36","modified_gmt":"2024-02-27T14:49:36","slug":"about-2","status":"publish","type":"page","link":"https:\/\/bergamintintas.com.br\/?page_id=15988","title":{"rendered":"Quem Somos"},"content":{"rendered":"<div class=\"wpb-content-wrapper\"><p>[vc_row full_width=&#8221;stretch_row&#8221; ppadding=&#8221;vc_row-padding-both&#8221; gradient_colors=&#8221;%5B%7B%7D%5D&#8221; kswr_row_bg_type=&#8221;parallax&#8221; kswr_row_parallax_type=&#8221;vertical_prlx&#8221; kswr_row_parallax_speed=&#8221;0.1&#8243; kswr_row_bg_image_img=&#8221;15990&#8243; kswr_row_bg_image=&#8221;{&#8220;image&#8220;:&#8220;&#8220;,&#8220;repeat&#8220;:&#8220;no-repeat&#8220;,&#8220;position&#8220;:&#8220;center center&#8220;,&#8220;size&#8220;:&#8220;cover&#8220;,&#8220;overlay&#8220;:&#8220;&#8220;,&#8220;overlayopacity&#8220;:&#8220;0&#8220;}&#8221; kswr_row_top_decor_enabled=&#8221;false&#8221; kswr_row_bottom_decor_enabled=&#8221;false&#8221; css=&#8221;.vc_custom_1546257826397{margin-top: -80px !important;}&#8221;][vc_column][aleanta_content_container cwidth=&#8221;26%&#8221;]<div class=\"kswr-responsive-spacer\" data-desk=\"80px\" data-tablet=\"80px\" data-tablet-sm=\"25px\" data-phone=\"25px\" data-phone-sm=\"25px\" style=\"--spc-desk:80px;--spc-tablet:80px;--spc-tablet-sm:25px;--spc-phone:25px;--spc-phone-sm:25px;\"><\/div><div class=\"kswr-heading-container kswr-theelement\" style=\"text-align:right;\">\n\t\t\t\t<div class=\"kswr-heading-title kswr-shortcode-element  \" data-fontsettings=\"font-size:18px;\" style=\"font-size:18px; font-weight:700; margin-top:0px;margin-bottom:0px;color:#333;background-clip: inherit;background-color: inherit; -webkit-text-fill-color:#333;\">Tintas para Paredes<\/div>\n\t\t\t\t<div class=\"kswr-heading-content kswr-shortcode-element  \" data-fontsettings=\"font-size:14px;\" style=\"font-size:14px;  margin-top:0px;margin-bottom:0px;color:#333333;\">Escolha entre uma variedade de cores<br \/>\ne acabamentos para dar vida \u00e0s suas paredes.<br \/>\nDesde tons suaves e relaxantes at\u00e9 op\u00e7\u00f5es<br \/>\nvibrantes e ousadas, temos o que voc\u00ea precisa.<\/div>\n\t\t\t<\/div><div class=\"kswr-responsive-spacer\" data-desk=\"180px\" data-tablet=\"180px\" data-tablet-sm=\"25px\" data-phone=\"25px\" data-phone-sm=\"25px\" style=\"--spc-desk:180px;--spc-tablet:180px;--spc-tablet-sm:25px;--spc-phone:25px;--spc-phone-sm:25px;\"><\/div><div class=\"kswr-heading-container kswr-theelement\" style=\"text-align:right;\">\n\t\t\t\t<div class=\"kswr-heading-title kswr-shortcode-element  \" data-fontsettings=\"font-size:18px;\" style=\"font-size:18px; font-weight:700; margin-top:0px;margin-bottom:0px;color:#333;background-clip: inherit;background-color: inherit; -webkit-text-fill-color:#333;\">Tintas para Madeira<\/div>\n\t\t\t\t<div class=\"kswr-heading-content kswr-shortcode-element  \" data-fontsettings=\"font-size:14px;\" style=\"font-size:14px;  margin-top:0px;margin-bottom:0px;color:#333333;\">Proteja e embeleze seus m\u00f3veis,<br \/>\ndecks e projetos de marcenaria com<br \/>\nnossas tintas duradouras e de alta qualidade.<\/div>\n\t\t\t<\/div>[\/aleanta_content_container][aleanta_content_container cwidth=&#8221;48%&#8221; css=&#8221;.vc_custom_1546257280961{padding-right: 15px !important;padding-left: 15px !important;}&#8221;][vc_single_image image=&#8221;15996&#8243; img_size=&#8221;full&#8221; alignment=&#8221;center&#8221;][\/aleanta_content_container][aleanta_content_container cwidth=&#8221;24%&#8221;]<div class=\"kswr-responsive-spacer\" data-desk=\"80px\" data-tablet=\"80px\" data-tablet-sm=\"25px\" data-phone=\"25px\" data-phone-sm=\"25px\" style=\"--spc-desk:80px;--spc-tablet:80px;--spc-tablet-sm:25px;--spc-phone:25px;--spc-phone-sm:25px;\"><\/div><div class=\"kswr-heading-container kswr-theelement\" style=\"text-align:left;\">\n\t\t\t\t<div class=\"kswr-heading-title kswr-shortcode-element  \" data-fontsettings=\"font-size:18px;\" style=\"font-size:18px; font-weight:700; margin-top:0px;margin-bottom:0px;color:#333;background-clip: inherit;background-color: inherit; -webkit-text-fill-color:#333;\">Tintas para Metal<\/div>\n\t\t\t\t<div class=\"kswr-heading-content kswr-shortcode-element  \" data-fontsettings=\"font-size:14px;\" style=\"font-size:14px;  margin-top:0px;margin-bottom:0px;color:#333333;\">D\u00ea uma nova vida a superf\u00edcies<br \/>\nmet\u00e1licas com nossas tintas projetadas<br \/>\npara resistir \u00e0s condi\u00e7\u00f5es mais rigorosas.<\/div>\n\t\t\t<\/div><div class=\"kswr-responsive-spacer\" data-desk=\"180px\" data-tablet=\"180px\" data-tablet-sm=\"25px\" data-phone=\"25px\" data-phone-sm=\"25px\" style=\"--spc-desk:180px;--spc-tablet:180px;--spc-tablet-sm:25px;--spc-phone:25px;--spc-phone-sm:25px;\"><\/div><div class=\"kswr-heading-container kswr-theelement\" style=\"text-align:left;\">\n\t\t\t\t<div class=\"kswr-heading-title kswr-shortcode-element  \" data-fontsettings=\"font-size:18px;\" style=\"font-size:18px; font-weight:700; margin-top:0px;margin-bottom:0px;color:#333;background-clip: inherit;background-color: inherit; -webkit-text-fill-color:#333;\">Tintas para Artes e Artesanato<\/div>\n\t\t\t\t<div class=\"kswr-heading-content kswr-shortcode-element  \" data-fontsettings=\"font-size:14px;\" style=\"font-size:14px;  margin-top:0px;margin-bottom:0px;color:#333333;\">Para artistas e artes\u00e3os, temos<br \/>\numa linha especial de tintas e<br \/>\nacess\u00f3rios para tornar suas cria\u00e7\u00f5es<br \/>\nverdadeiramente \u00fanicas.<\/div>\n\t\t\t<\/div>[\/aleanta_content_container][\/vc_column][\/vc_row][vc_section full_width=&#8221;stretch_row&#8221; css=&#8221;.vc_custom_1698331954375{background-position: center !important;background-repeat: no-repeat !important;background-size: cover !important;}&#8221;][vc_row full_width=&#8221;stretch_row_content_no_spaces&#8221; gradient_colors=&#8221;%5B%7B%7D%5D&#8221; kswr_row_top_decor_enabled=&#8221;false&#8221; kswr_row_bottom_decor_enabled=&#8221;false&#8221; css=&#8221;.vc_custom_1546269810688{background-color: #f6f6f6 !important;}&#8221;][vc_column]<div class=\"kswr-slickslider-container\" style=\"margin-top:0px;margin-bottom:0px; --dots-size:22px; --dots-area-margintop:15px; --dots-margins:10px; --dots-clr:#999; --dots-active-clr:#00aef0; --arrow-size:15px; --arrow-bgsize:35px; --arrow-clr:#ffffff; --arrow-back-clr:#af087b; --arrow-radius:0px; --slides-margin:0px;\"  data-speed=\"300\" data-infinite=\"true\" data-autoplay=\"true\" data-autoplayspeed=\"5000\" data-adaptiveheight=\"true\" data-centermode=\"false\" data-centerpadding=\"50px\" data-centerpaddingtablet=\"25px\" data-centerpaddingmobile=\"15px\" data-slidestoshow-desk=\"4\" data-slidestoshow-tablet=\"2\" data-slidestoshow-mobile=\"1\" data-dots=\"false\" data-arrows=\"true\" data-tabletbreakpoint=\"995\" data-phonebreakpoint=\"550\" data-dots-align=\"center\" data-dots-style=\"style1\" data-arrows-style=\"style6\" data-arrows-position=\"middle\" data-vertical=\"false\" data-slidestoscroll-desk=\"1\" data-slidesToScroll-tablet=\"1\" data-slidestoscroll-mobile=\"1\" ><div class=\"km-hover-image-container km-masonry-item km-masonry-item-hidden km-filteri-item km-element-box-shadow \" data-style=\"style1\" data-boxshadow=\"off\" data-boxshadow-hover=\"off\" data-boxshadow-style=\"style1\" style=\"--box-shadow-color:rgba(0,0,0,0.5); color:rgba(0,0,0,0.5); border:0px solid ;margin-top:0;margin-bottom:0;\" data-overlay=\"on\" data-button=\"on\" data-info=\"off\" data-info-subtitle=\"on\" >\n\t\t\t<div class=\"km-hover-image\">\n\t\t\t\t<img decoding=\"async\" src=\"https:\/\/bergamintintas.com.br\/wp-content\/uploads\/2023\/10\/4.jpg\">\n\t\t\t\t<div class=\"km-hover-image-overlay\" style=\"background:rgba(34,34,34,0.74);\"><\/div>\n\t\t\t\t<div class=\"km-hover-image-button kswr-shortcode-element   \" data-fontsettings=\"font-size:20px;\" style=\"height:36px; line-height:36px; color:#ffffff; background:;font-size:20px; font-family:Inherit;font-weight:400;\">Tintas para Paredes<\/div>\n\t\t\t<\/div>\n\t\t\t<div class=\"km-hover-image-info\" data-align=\"center\" style=\"color:#333; background:#ffffff; \">\n\t\t\t\t<div class=\"km-hover-image-title kswr-shortcode-element   \" data-fontsettings=\"\" style=\" \">My title<\/div>\n\t\t\t\t<div class=\"km-hover-image-subtitle kswr-shortcode-element   \" data-fontsettings=\"\" style=\"color:#777; \">My Subtitle<\/div>\n\t\t\t<\/div>\n\t\t\t\t\n\t\t<\/div><div class=\"km-hover-image-container km-masonry-item km-masonry-item-hidden km-filteri-item km-element-box-shadow \" data-style=\"style1\" data-boxshadow=\"off\" data-boxshadow-hover=\"off\" data-boxshadow-style=\"style1\" style=\"--box-shadow-color:rgba(0,0,0,0.5); color:rgba(0,0,0,0.5); border:0px solid ;margin-top:0;margin-bottom:0;\" data-overlay=\"on\" data-button=\"on\" data-info=\"off\" data-info-subtitle=\"on\" >\n\t\t\t<div class=\"km-hover-image\">\n\t\t\t\t<img decoding=\"async\" src=\"https:\/\/bergamintintas.com.br\/wp-content\/uploads\/2023\/10\/5.jpg\">\n\t\t\t\t<div class=\"km-hover-image-overlay\" style=\"background:rgba(34,34,34,0.74);\"><\/div>\n\t\t\t\t<div class=\"km-hover-image-button kswr-shortcode-element   \" data-fontsettings=\"font-size:20px;\" style=\"height:36px; line-height:36px; color:#ffffff; background:;font-size:20px; font-family:Inherit;font-weight:400;\">Tintas para Madeira<\/div>\n\t\t\t<\/div>\n\t\t\t<div class=\"km-hover-image-info\" data-align=\"center\" style=\"color:#333; background:#ffffff; \">\n\t\t\t\t<div class=\"km-hover-image-title kswr-shortcode-element   \" data-fontsettings=\"\" style=\" \">My title<\/div>\n\t\t\t\t<div class=\"km-hover-image-subtitle kswr-shortcode-element   \" data-fontsettings=\"\" style=\"color:#777; \">My Subtitle<\/div>\n\t\t\t<\/div>\n\t\t\t\t\n\t\t<\/div><div class=\"km-hover-image-container km-masonry-item km-masonry-item-hidden km-filteri-item km-element-box-shadow \" data-style=\"style1\" data-boxshadow=\"off\" data-boxshadow-hover=\"off\" data-boxshadow-style=\"style1\" style=\"--box-shadow-color:rgba(0,0,0,0.5); color:rgba(0,0,0,0.5); border:0px solid ;margin-top:0;margin-bottom:0;\" data-overlay=\"on\" data-button=\"on\" data-info=\"off\" data-info-subtitle=\"on\" >\n\t\t\t<div class=\"km-hover-image\">\n\t\t\t\t<img decoding=\"async\" src=\"https:\/\/bergamintintas.com.br\/wp-content\/uploads\/2023\/10\/6.jpg\">\n\t\t\t\t<div class=\"km-hover-image-overlay\" style=\"background:rgba(34,34,34,0.74);\"><\/div>\n\t\t\t\t<div class=\"km-hover-image-button kswr-shortcode-element   \" data-fontsettings=\"font-size:20px;\" style=\"height:36px; line-height:36px; color:#ffffff; background:;font-size:20px; font-family:Inherit;font-weight:400;\">Tintas para Metal<\/div>\n\t\t\t<\/div>\n\t\t\t<div class=\"km-hover-image-info\" data-align=\"center\" style=\"color:#333; background:#ffffff; \">\n\t\t\t\t<div class=\"km-hover-image-title kswr-shortcode-element   \" data-fontsettings=\"\" style=\" \">My title<\/div>\n\t\t\t\t<div class=\"km-hover-image-subtitle kswr-shortcode-element   \" data-fontsettings=\"\" style=\"color:#777; \">My Subtitle<\/div>\n\t\t\t<\/div>\n\t\t\t\t\n\t\t<\/div><div class=\"km-hover-image-container km-masonry-item km-masonry-item-hidden km-filteri-item km-element-box-shadow \" data-style=\"style1\" data-boxshadow=\"off\" data-boxshadow-hover=\"off\" data-boxshadow-style=\"style1\" style=\"--box-shadow-color:rgba(0,0,0,0.5); color:rgba(0,0,0,0.5); border:0px solid ;margin-top:0;margin-bottom:0;\" data-overlay=\"on\" data-button=\"on\" data-info=\"off\" data-info-subtitle=\"on\" >\n\t\t\t<div class=\"km-hover-image\">\n\t\t\t\t<img decoding=\"async\" src=\"https:\/\/bergamintintas.com.br\/wp-content\/uploads\/2023\/10\/7.jpg\">\n\t\t\t\t<div class=\"km-hover-image-overlay\" style=\"background:rgba(34,34,34,0.74);\"><\/div>\n\t\t\t\t<div class=\"km-hover-image-button kswr-shortcode-element   \" data-fontsettings=\"font-size:20px;\" style=\"height:36px; line-height:36px; color:#ffffff; background:;font-size:20px; font-family:Inherit;font-weight:400;\">Tintas para Artes e Artesanato<\/div>\n\t\t\t<\/div>\n\t\t\t<div class=\"km-hover-image-info\" data-align=\"center\" style=\"color:#333; background:#ffffff; \">\n\t\t\t\t<div class=\"km-hover-image-title kswr-shortcode-element   \" data-fontsettings=\"\" style=\" \">My title<\/div>\n\t\t\t\t<div class=\"km-hover-image-subtitle kswr-shortcode-element   \" data-fontsettings=\"\" style=\"color:#777; \">My Subtitle<\/div>\n\t\t\t<\/div>\n\t\t\t\t\n\t\t<\/div><div class=\"km-hover-image-container km-masonry-item km-masonry-item-hidden km-filteri-item km-element-box-shadow \" data-style=\"style1\" data-boxshadow=\"off\" data-boxshadow-hover=\"off\" data-boxshadow-style=\"style1\" style=\"--box-shadow-color:rgba(0,0,0,0.5); color:rgba(0,0,0,0.5); border:0px solid ;margin-top:0;margin-bottom:0;\" data-overlay=\"on\" data-button=\"on\" data-info=\"off\" data-info-subtitle=\"on\" >\n\t\t\t<div class=\"km-hover-image\">\n\t\t\t\t<img decoding=\"async\" src=\"https:\/\/bergamintintas.com.br\/wp-content\/uploads\/2023\/10\/8.jpg\">\n\t\t\t\t<div class=\"km-hover-image-overlay\" style=\"background:rgba(34,34,34,0.74);\"><\/div>\n\t\t\t\t<div class=\"km-hover-image-button kswr-shortcode-element   \" data-fontsettings=\"font-size:20px;\" style=\"height:36px; line-height:36px; color:#ffffff; background:;font-size:20px; font-family:Inherit;font-weight:400;\">Tintas Diversas<\/div>\n\t\t\t<\/div>\n\t\t\t<div class=\"km-hover-image-info\" data-align=\"center\" style=\"color:#333; background:#ffffff; \">\n\t\t\t\t<div class=\"km-hover-image-title kswr-shortcode-element   \" data-fontsettings=\"\" style=\" \">My title<\/div>\n\t\t\t\t<div class=\"km-hover-image-subtitle kswr-shortcode-element   \" data-fontsettings=\"\" style=\"color:#777; \">My Subtitle<\/div>\n\t\t\t<\/div>\n\t\t\t\t\n\t\t<\/div><\/div>[\/vc_column][\/vc_row][\/vc_section][vc_section][vc_row ppadding=&#8221;vc_row-padding-top&#8221; gradient_colors=&#8221;%5B%7B%7D%5D&#8221; kswr_row_top_decor_enabled=&#8221;false&#8221; kswr_row_bottom_decor_enabled=&#8221;false&#8221;][vc_column width=&#8221;1\/2&#8243;]<div class=\"kswr-responsive-spacer\" data-desk=\"10px\" data-tablet=\"10px\" data-tablet-sm=\"10px\" data-phone=\"10px\" data-phone-sm=\"10px\" style=\"--spc-desk:10px;--spc-tablet:10px;--spc-tablet-sm:10px;--spc-phone:10px;--spc-phone-sm:10px;\"><\/div><div class=\"kswr-heading-container kswr-theelement\" style=\"text-align:left;\">\n\t\t\t\t<div class=\"kswr-heading-title kswr-shortcode-element  \" data-fontsettings=\"font-size:36px;line-height:1.5;\" style=\"font-size:36px;line-height:1.5; font-weight:700; margin-top:0px;margin-bottom:0px;color:#222222;background-clip: inherit;background-color: inherit; -webkit-text-fill-color:#222222;\">Conhe\u00e7a a Bergamin Tintas<\/div>\n\t\t\t\t<div class=\"kswr-heading-content kswr-shortcode-element  \" data-fontsettings=\"font-size:16px;line-height:1.8;\" style=\"font-size:16px;line-height:1.8; font-weight:300; margin-top:0px;margin-bottom:0px;color:#888888;\"><\/div>\n\t\t\t<\/div><div class=\"kswr-responsive-spacer\" data-desk=\"20px\" data-tablet=\"20px\" data-tablet-sm=\"20px\" data-phone=\"20px\" data-phone-sm=\"20px\" style=\"--spc-desk:20px;--spc-tablet:20px;--spc-tablet-sm:20px;--spc-phone:20px;--spc-phone-sm:20px;\"><\/div>[vc_column_text]Desde 1998 a Bergamin Tintas assume o compromisso de oferecer aos seus clientes o que h\u00e1 de melhor no mercado de resinas para assoalhos, vernizes, tintas imobili\u00e1rias, automotivas e todos os complementos das respectivas linhas.<\/p>\n<p>Hoje somos um grupo com cinco lojas e o nosso principal objetivo \u00e9 priorizar os nossos clientes, podendo dar um bom atendimento e oferecer produtos de alt\u00edssima qualidade.<\/p>\n<p>Nossas lojas contam com uma boa estrutura, local amplo, estacionamento e profissionais treinados.<\/p>\n<p>Trazemos sempre as \u00faltimas tend\u00eancias tanto no mercado de tintas para sua casa e para o seu carro, quanto para o tratamento do seu piso.<\/p>\n<p>Sempre atualizados no mercado, dispomos de m\u00e1quinas tintom\u00e9trica imobili\u00e1ria e automotiva.<\/p>\n<p>Com qualidade, respeito e \u00e9tica aos nossos clientes estamos prontos para<\/p>\n<p>atend\u00ea-los.[\/vc_column_text]<div class=\"kswr-responsive-spacer\" data-desk=\"40px\" data-tablet=\"40px\" data-tablet-sm=\"40px\" data-phone=\"40px\" data-phone-sm=\"40px\" style=\"--spc-desk:40px;--spc-tablet:40px;--spc-tablet-sm:40px;--spc-phone:40px;--spc-phone-sm:40px;\"><\/div>[\/vc_column][vc_column width=&#8221;1\/2&#8243;][vc_single_image image=&#8221;16015&#8243; img_size=&#8221;full&#8221; alignment=&#8221;center&#8221;][\/vc_column][\/vc_row][\/vc_section]<\/p>\n<\/div>","protected":false},"excerpt":{"rendered":"<p>[vc_row full_width=&#8221;stretch_row&#8221; ppadding=&#8221;vc_row-padding-both&#8221; gradient_colors=&#8221;%5B%7B%7D%5D&#8221; kswr_row_bg_type=&#8221;parallax&#8221; kswr_row_parallax_type=&#8221;vertical_prlx&#8221; kswr_row_parallax_speed=&#8221;0.1&#8243; kswr_row_bg_image_img=&#8221;15990&#8243; kswr_row_bg_image=&#8221;{&#8220;image&#8220;:&#8220;&#8220;,&#8220;repeat&#8220;:&#8220;no-repeat&#8220;,&#8220;position&#8220;:&#8220;center center&#8220;,&#8220;size&#8220;:&#8220;cover&#8220;,&#8220;overlay&#8220;:&#8220;&#8220;,&#8220;overlayopacity&#8220;:&#8220;0&#8220;}&#8221; kswr_row_top_decor_enabled=&#8221;false&#8221; kswr_row_bottom_decor_enabled=&#8221;false&#8221; css=&#8221;.vc_custom_1546257826397{margin-top: -80px !important;}&#8221;][vc_column][aleanta_content_container cwidth=&#8221;26%&#8221;][\/aleanta_content_container][aleanta_content_container cwidth=&#8221;48%&#8221; css=&#8221;.vc_custom_1546257280961{padding-right: 15px !important;padding-left: 15px !important;}&#8221;][vc_single_image image=&#8221;15996&#8243; img_size=&#8221;full&#8221; alignment=&#8221;center&#8221;][\/aleanta_content_container][aleanta_content_container cwidth=&#8221;24%&#8221;][\/aleanta_content_container][\/vc_column][\/vc_row][vc_section full_width=&#8221;stretch_row&#8221; css=&#8221;.vc_custom_1698331954375{background-position: center !important;background-repeat: no-repeat !important;background-size: cover !important;}&#8221;][vc_row full_width=&#8221;stretch_row_content_no_spaces&#8221; gradient_colors=&#8221;%5B%7B%7D%5D&#8221; kswr_row_top_decor_enabled=&#8221;false&#8221; kswr_row_bottom_decor_enabled=&#8221;false&#8221; css=&#8221;.vc_custom_1546269810688{background-color: #f6f6f6 !important;}&#8221;][vc_column][\/vc_column][\/vc_row][\/vc_section][vc_section][vc_row ppadding=&#8221;vc_row-padding-top&#8221; gradient_colors=&#8221;%5B%7B%7D%5D&#8221; kswr_row_top_decor_enabled=&#8221;false&#8221; kswr_row_bottom_decor_enabled=&#8221;false&#8221;][vc_column width=&#8221;1\/2&#8243;][vc_column_text]Desde 1998 a Bergamin Tintas assume o compromisso de oferecer [&hellip;]<\/p>\n","protected":false},"author":1,"featured_media":0,"parent":0,"menu_order":0,"comment_status":"closed","ping_status":"closed","template":"","meta":{"footnotes":""},"class_list":["post-15988","page","type-page","status-publish","hentry"],"_links":{"self":[{"href":"https:\/\/bergamintintas.com.br\/index.php?rest_route=\/wp\/v2\/pages\/15988","targetHints":{"allow":["GET"]}}],"collection":[{"href":"https:\/\/bergamintintas.com.br\/index.php?rest_route=\/wp\/v2\/pages"}],"about":[{"href":"https:\/\/bergamintintas.com.br\/index.php?rest_route=\/wp\/v2\/types\/page"}],"author":[{"embeddable":true,"href":"https:\/\/bergamintintas.com.br\/index.php?rest_route=\/wp\/v2\/users\/1"}],"replies":[{"embeddable":true,"href":"https:\/\/bergamintintas.com.br\/index.php?rest_route=%2Fwp%2Fv2%2Fcomments&post=15988"}],"version-history":[{"count":11,"href":"https:\/\/bergamintintas.com.br\/index.php?rest_route=\/wp\/v2\/pages\/15988\/revisions"}],"predecessor-version":[{"id":16978,"href":"https:\/\/bergamintintas.com.br\/index.php?rest_route=\/wp\/v2\/pages\/15988\/revisions\/16978"}],"wp:attachment":[{"href":"https:\/\/bergamintintas.com.br\/index.php?rest_route=%2Fwp%2Fv2%2Fmedia&parent=15988"}],"curies":[{"name":"wp","href":"https:\/\/api.w.org\/{rel}","templated":true}]}}